{"id":17,"date":"2026-04-20T11:56:02","date_gmt":"2026-04-20T11:56:02","guid":{"rendered":"https:\/\/topencre.ma\/?post_type=product&#038;p=17"},"modified":"2026-04-20T16:31:34","modified_gmt":"2026-04-20T16:31:34","slug":"pack-bouteilles-dencre-epson-673-100ml-6-couleurs","status":"publish","type":"product","link":"https:\/\/topencre.ma\/?product=pack-bouteilles-dencre-epson-673-100ml-6-couleurs","title":{"rendered":"PACK BOUTEILLES D&rsquo;ENCRE EPSON 673 100ML 6 COULEURS"},"content":{"rendered":"<p>Pour Imprimantes Epson EcoTank L800, L805, L810, L850, L1800 L120 L210 L301 L365 L385 L485 L565 L558 L801 L605 Encre DTG INK-TANK T673 recharge de bouteille Compatible de qualit\u00e9 100% original sup\u00e9rieure adaptable pour les imprimantes Epson des couleurs vives rendu optimal des photos et des documents. Capacit\u00e9 \u00e9lev\u00e9e pour des impressions professionnelles facile d&rsquo;instalation propre et s\u00e9curis\u00e9. qualite ISO 14001 Guarantie 24 mois<\/p>\n","protected":false},"excerpt":{"rendered":"<h3 class=\"post-title entry-title\">PACK BOUTEILLES D&rsquo;ENCRE EPSON 673 &#8211; 100ML 6 COULEURS<\/h3>\n","protected":false},"featured_media":22,"comment_status":"open","ping_status":"closed","template":"","meta":[],"product_brand":[],"product_cat":[15],"product_tag":[],"class_list":{"0":"post-17","1":"product","2":"type-product","3":"status-publish","4":"has-post-thumbnail","6":"product_cat-uncategorized","8":"first","9":"instock","10":"sale","11":"shipping-taxable","12":"purchasable","13":"product-type-simple"},"_links":{"self":[{"href":"https:\/\/topencre.ma\/index.php?rest_route=\/wp\/v2\/product\/17","targetHints":{"allow":["GET"]}}],"collection":[{"href":"https:\/\/topencre.ma\/index.php?rest_route=\/wp\/v2\/product"}],"about":[{"href":"https:\/\/topencre.ma\/index.php?rest_route=\/wp\/v2\/types\/product"}],"replies":[{"embeddable":true,"href":"https:\/\/topencre.ma\/index.php?rest_route=%2Fwp%2Fv2%2Fcomments&post=17"}],"wp:featuredmedia":[{"embeddable":true,"href":"https:\/\/topencre.ma\/index.php?rest_route=\/wp\/v2\/media\/22"}],"wp:attachment":[{"href":"https:\/\/topencre.ma\/index.php?rest_route=%2Fwp%2Fv2%2Fmedia&parent=17"}],"wp:term":[{"taxonomy":"product_brand","embeddable":true,"href":"https:\/\/topencre.ma\/index.php?rest_route=%2Fwp%2Fv2%2Fproduct_brand&post=17"},{"taxonomy":"product_cat","embeddable":true,"href":"https:\/\/topencre.ma\/index.php?rest_route=%2Fwp%2Fv2%2Fproduct_cat&post=17"},{"taxonomy":"product_tag","embeddable":true,"href":"https:\/\/topencre.ma\/index.php?rest_route=%2Fwp%2Fv2%2Fproduct_tag&post=17"}],"curies":[{"name":"wp","href":"https:\/\/api.w.org\/{rel}","templated":true}]}}